{"id":129,"date":"2020-02-03T21:40:57","date_gmt":"2020-02-03T20:40:57","guid":{"rendered":"https:\/\/www.colegioenriquesoler.com\/comedor\/?page_id=129"},"modified":"2025-08-26T13:03:32","modified_gmt":"2025-08-26T11:03:32","slug":"129-2","status":"publish","type":"page","link":"https:\/\/colegioenriquesoler.com\/comedor\/129-2\/","title":{"rendered":"Packs"},"content":{"rendered":"<p>[et_pb_section fb_built=\u00bb1&#8243; admin_label=\u00bbCoaching\u00bb _builder_version=\u00bb4.2.2&#8243; parallax=\u00bbon\u00bb global_colors_info=\u00bb{}\u00bb][et_pb_row _builder_version=\u00bb4.9.4&#8243; custom_margin=\u00bb||||false|false\u00bb animation_style=\u00bbzoom\u00bb animation_delay=\u00bb650ms\u00bb animation_starting_opacity=\u00bb9%\u00bb global_colors_info=\u00bb{}\u00bb max_width__hover_enabled=\u00bboff|desktop\u00bb][et_pb_column type=\u00bb4_4&#8243; _builder_version=\u00bb3.25&#8243; custom_padding=\u00bb|||\u00bb global_colors_info=\u00bb{}\u00bb custom_padding__hover=\u00bb|||\u00bb][et_pb_text _builder_version=\u00bb4.2.2&#8243; text_font=\u00bb||||||||\u00bb text_line_height=\u00bb2em\u00bb ul_font=\u00bb||||||||\u00bb ol_font=\u00bb||||||||\u00bb header_font=\u00bb||||||||\u00bb header_2_font=\u00bbMerriweather|700|||||||\u00bb header_2_font_size=\u00bb36px\u00bb header_2_line_height=\u00bb1.6em\u00bb header_3_font=\u00bbMerriweather|700|||||||\u00bb header_3_text_color=\u00bb#ffc47c\u00bb header_3_font_size=\u00bb18px\u00bb header_3_line_height=\u00bb1.8em\u00bb header_4_font=\u00bb||||||||\u00bb header_5_font=\u00bb||||||||\u00bb header_6_font=\u00bb||||||||\u00bb text_orientation=\u00bbcenter\u00bb background_layout=\u00bbdark\u00bb custom_margin=\u00bb21px|||||\u00bb header_2_font_size_tablet=\u00bb\u00bb header_2_font_size_phone=\u00bb20px\u00bb header_2_font_size_last_edited=\u00bbon|phone\u00bb header_3_font_size_tablet=\u00bb\u00bb header_3_font_size_phone=\u00bb14px\u00bb header_3_font_size_last_edited=\u00bbon|phone\u00bb locked=\u00bboff\u00bb global_colors_info=\u00bb{}\u00bb]<\/p>\n<h2><span color=\"#000000\" style=\"color: #000000;\"><span style=\"caret-color: #000000;\">Precios Infantil 1<\/span><\/span><\/h2>\n<p>[\/et_pb_text][et_pb_image src=\u00bbhttps:\/\/colegioenriquesoler.com\/comedor\/wp-content\/uploads\/2025\/08\/inf1.jpg\u00bb title_text=\u00bbinf1&#8243; show_in_lightbox=\u00bbon\u00bb _builder_version=\u00bb4.11.4&#8243; width=\u00bb94.2%\u00bb custom_margin=\u00bb||||false|false\u00bb custom_padding=\u00bb||0px||false|false\u00bb hover_enabled=\u00bb0&#8243; global_colors_info=\u00bb{}\u00bb sticky_enabled=\u00bb0&#8243;][\/et_pb_image][\/et_pb_column][\/et_pb_row][et_pb_row _builder_version=\u00bb4.9.4&#8243; custom_margin=\u00bb||||false|false\u00bb animation_style=\u00bbzoom\u00bb animation_delay=\u00bb650ms\u00bb animation_starting_opacity=\u00bb9%\u00bb global_colors_info=\u00bb{}\u00bb max_width__hover_enabled=\u00bboff|desktop\u00bb][et_pb_column type=\u00bb4_4&#8243; _builder_version=\u00bb3.25&#8243; custom_padding=\u00bb|||\u00bb global_colors_info=\u00bb{}\u00bb custom_padding__hover=\u00bb|||\u00bb][et_pb_text _builder_version=\u00bb4.2.2&#8243; text_font=\u00bb||||||||\u00bb text_line_height=\u00bb2em\u00bb ul_font=\u00bb||||||||\u00bb ol_font=\u00bb||||||||\u00bb header_font=\u00bb||||||||\u00bb header_2_font=\u00bbMerriweather|700|||||||\u00bb header_2_font_size=\u00bb36px\u00bb header_2_line_height=\u00bb1.6em\u00bb header_3_font=\u00bbMerriweather|700|||||||\u00bb header_3_text_color=\u00bb#ffc47c\u00bb header_3_font_size=\u00bb18px\u00bb header_3_line_height=\u00bb1.8em\u00bb header_4_font=\u00bb||||||||\u00bb header_5_font=\u00bb||||||||\u00bb header_6_font=\u00bb||||||||\u00bb text_orientation=\u00bbcenter\u00bb background_layout=\u00bbdark\u00bb custom_margin=\u00bb21px|||||\u00bb header_2_font_size_tablet=\u00bb\u00bb header_2_font_size_phone=\u00bb20px\u00bb header_2_font_size_last_edited=\u00bbon|phone\u00bb header_3_font_size_tablet=\u00bb\u00bb header_3_font_size_phone=\u00bb14px\u00bb header_3_font_size_last_edited=\u00bbon|phone\u00bb locked=\u00bboff\u00bb global_colors_info=\u00bb{}\u00bb]<\/p>\n<h2><span color=\"#000000\" style=\"color: #000000;\"><span style=\"caret-color: #000000;\">Precios Inf. 2 y Primaria<\/span><\/span><\/h2>\n<p>[\/et_pb_text][et_pb_image src=\u00bbhttps:\/\/colegioenriquesoler.com\/comedor\/wp-content\/uploads\/2025\/08\/prim.jpg\u00bb title_text=\u00bbprim\u00bb show_in_lightbox=\u00bbon\u00bb _builder_version=\u00bb4.11.4&#8243; width=\u00bb94.2%\u00bb custom_margin=\u00bb||||false|false\u00bb custom_padding=\u00bb||0px||false|false\u00bb hover_enabled=\u00bb0&#8243; global_colors_info=\u00bb{}\u00bb sticky_enabled=\u00bb0&#8243;][\/et_pb_image][\/et_pb_column][\/et_pb_row][et_pb_row column_structure=\u00bb1_3,1_3,1_3&#8243; _builder_version=\u00bb4.2.2&#8243; animation_style=\u00bbzoom\u00bb animation_delay=\u00bb650ms\u00bb animation_starting_opacity=\u00bb9%\u00bb locked=\u00bboff\u00bb global_colors_info=\u00bb{}\u00bb][et_pb_column type=\u00bb1_3&#8243; _builder_version=\u00bb3.25&#8243; custom_padding=\u00bb|||\u00bb global_colors_info=\u00bb{}\u00bb custom_padding__hover=\u00bb|||\u00bb][et_pb_blurb title=\u00bbPlanificaci\u00f3n \u00bb image=\u00bbhttps:\/\/www.colegioenriquesoler.com\/comedor\/wp-content\/uploads\/2020\/02\/nutrition-icon-small-3.png\u00bb image_max_width=\u00bb80px\u00bb image_max_width_tablet=\u00bb60px\u00bb image_max_width_phone=\u00bb\u00bb image_max_width_last_edited=\u00bbon|tablet\u00bb _builder_version=\u00bb3.15&#8243; header_font=\u00bbMerriweather|700|||||||\u00bb header_line_height=\u00bb1.8em\u00bb body_line_height=\u00bb2em\u00bb background_color=\u00bb#ffffff\u00bb text_orientation=\u00bbcenter\u00bb custom_padding=\u00bb30px|30px|30px|30px|true|true\u00bb animation_style=\u00bbzoom\u00bb animation_intensity_zoom=\u00bb10%\u00bb border_radii=\u00bbon|10px|10px|10px|10px\u00bb border_radii_image=\u00bbon|100px|100px|100px|100px\u00bb box_shadow_style=\u00bbpreset1&#8243; box_shadow_vertical=\u00bb10px\u00bb box_shadow_blur=\u00bb60px\u00bb box_shadow_color=\u00bbrgba(1,33,92,0.1)\u00bb box_shadow_style_image=\u00bbpreset1&#8243; box_shadow_vertical_image=\u00bb10px\u00bb box_shadow_blur_image=\u00bb40px\u00bb box_shadow_spread_image=\u00bb-10px\u00bb box_shadow_color_image=\u00bb#15c39a\u00bb global_colors_info=\u00bb{}\u00bb]<\/p>\n<p>Cada semana elaboramos un men\u00fa diferente completo y equilibrado<\/p>\n<p>[\/et_pb_blurb][\/et_pb_column][et_pb_column type=\u00bb1_3&#8243; _builder_version=\u00bb3.25&#8243; custom_padding=\u00bb40px|||\u00bb custom_padding_tablet=\u00bb0px|||\u00bb custom_padding_phone=\u00bb\u00bb custom_padding_last_edited=\u00bbon|tablet\u00bb global_colors_info=\u00bb{}\u00bb custom_padding__hover=\u00bb|||\u00bb][et_pb_blurb title=\u00bbSaludables\u00bb image=\u00bbhttps:\/\/www.colegioenriquesoler.com\/comedor\/wp-content\/uploads\/2020\/02\/nutrition-icon-small-1.png\u00bb image_max_width=\u00bb80px\u00bb image_max_width_tablet=\u00bb60px\u00bb image_max_width_phone=\u00bb\u00bb image_max_width_last_edited=\u00bbon|tablet\u00bb _builder_version=\u00bb3.15&#8243; header_font=\u00bbMerriweather|700|||||||\u00bb header_line_height=\u00bb1.8em\u00bb body_line_height=\u00bb2em\u00bb background_color=\u00bb#ffffff\u00bb text_orientation=\u00bbcenter\u00bb custom_padding=\u00bb30px|30px|30px|30px|true|true\u00bb animation_style=\u00bbzoom\u00bb animation_intensity_zoom=\u00bb10%\u00bb border_radii=\u00bbon|10px|10px|10px|10px\u00bb border_radii_image=\u00bbon|100px|100px|100px|100px\u00bb box_shadow_style=\u00bbpreset1&#8243; box_shadow_vertical=\u00bb10px\u00bb box_shadow_blur=\u00bb60px\u00bb box_shadow_color=\u00bbrgba(1,33,92,0.1)\u00bb box_shadow_style_image=\u00bbpreset1&#8243; box_shadow_vertical_image=\u00bb10px\u00bb box_shadow_blur_image=\u00bb40px\u00bb box_shadow_spread_image=\u00bb-10px\u00bb box_shadow_color_image=\u00bb#437a88&#8243; global_colors_info=\u00bb{}\u00bb]<\/p>\n<p>Nuestros m\u00e9todos de elaboraci\u00f3n y los ingredientes de cada men\u00fa son cuidadosamente estudiados<\/p>\n<p>[\/et_pb_blurb][\/et_pb_column][et_pb_column type=\u00bb1_3&#8243; _builder_version=\u00bb3.25&#8243; custom_padding=\u00bb|||\u00bb global_colors_info=\u00bb{}\u00bb custom_padding__hover=\u00bb|||\u00bb][et_pb_blurb title=\u00bbGarant\u00edas\u00bb image=\u00bbhttps:\/\/www.colegioenriquesoler.com\/comedor\/wp-content\/uploads\/2020\/02\/nutrition-icon-small-2.png\u00bb image_max_width=\u00bb80px\u00bb image_max_width_tablet=\u00bb60px\u00bb image_max_width_phone=\u00bb\u00bb image_max_width_last_edited=\u00bbon|tablet\u00bb _builder_version=\u00bb3.15&#8243; header_font=\u00bbMerriweather|700|||||||\u00bb header_line_height=\u00bb1.8em\u00bb body_line_height=\u00bb2em\u00bb background_color=\u00bb#ffffff\u00bb text_orientation=\u00bbcenter\u00bb custom_padding=\u00bb30px|30px|30px|30px|true|true\u00bb animation_style=\u00bbzoom\u00bb animation_intensity_zoom=\u00bb10%\u00bb border_radii=\u00bbon|10px|10px|10px|10px\u00bb border_radii_image=\u00bbon|100px|100px|100px|100px\u00bb box_shadow_style=\u00bbpreset1&#8243; box_shadow_vertical=\u00bb10px\u00bb box_shadow_blur=\u00bb60px\u00bb box_shadow_color=\u00bbrgba(1,33,92,0.1)\u00bb box_shadow_style_image=\u00bbpreset1&#8243; box_shadow_vertical_image=\u00bb10px\u00bb box_shadow_blur_image=\u00bb40px\u00bb box_shadow_spread_image=\u00bb-10px\u00bb box_shadow_color_image=\u00bb#ffc47c\u00bb global_colors_info=\u00bb{}\u00bb]<\/p>\n<p>Nuestro comedor y nuestro personal cumple rigurosamente con todos los requisitos establecidos<\/p>\n<p>[\/et_pb_blurb][\/et_pb_column][\/et_pb_row][\/et_pb_section][et_pb_section fb_built=\u00bb1&#8243; prev_background_color=\u00bb#ffffff\u00bb admin_label=\u00bbServices\u00bb _builder_version=\u00bb3.22&#8243; background_color=\u00bb#437a88&#8243; use_background_color_gradient=\u00bbon\u00bb background_color_gradient_start=\u00bb#437a88&#8243; background_color_gradient_end=\u00bbrgba(67,122,136,0.6)\u00bb background_image=\u00bbhttps:\/\/www.colegioenriquesoler.com\/comedor\/wp-content\/uploads\/2020\/02\/nutritionist-32.jpg\u00bb background_position=\u00bbbottom_right\u00bb background_blend=\u00bbmultiply\u00bb custom_padding=\u00bb10vw||100px||false|false\u00bb top_divider_style=\u00bbwave\u00bb top_divider_height=\u00bb10vw\u00bb top_divider_repeat=\u00bb0.75x\u00bb global_colors_info=\u00bb{}\u00bb][\/et_pb_section][et_pb_section fb_built=\u00bb1&#8243; admin_label=\u00bbFeature\u00bb _builder_version=\u00bb3.22&#8243; global_colors_info=\u00bb{}\u00bb][et_pb_row column_structure=\u00bb1_2,1_2&#8243; _builder_version=\u00bb4.2.2&#8243; animation_style=\u00bbzoom\u00bb animation_delay=\u00bb650ms\u00bb animation_starting_opacity=\u00bb9%\u00bb global_colors_info=\u00bb{}\u00bb][et_pb_column type=\u00bb1_2&#8243; _builder_version=\u00bb3.25&#8243; custom_padding=\u00bb60px|||\u00bb custom_padding_tablet=\u00bb0px|||\u00bb custom_padding_phone=\u00bb\u00bb custom_padding_last_edited=\u00bbon|tablet\u00bb global_colors_info=\u00bb{}\u00bb custom_padding__hover=\u00bb|||\u00bb][et_pb_text _builder_version=\u00bb3.27.4&#8243; text_font=\u00bb||||||||\u00bb text_line_height=\u00bb2em\u00bb header_font=\u00bb||||||||\u00bb header_2_font=\u00bbMerriweather|700|||||||\u00bb header_2_font_size=\u00bb36px\u00bb header_2_line_height=\u00bb1.6em\u00bb header_3_font=\u00bbMerriweather|700|||||||\u00bb header_3_text_color=\u00bb#ffc47c\u00bb header_3_font_size=\u00bb18px\u00bb header_3_line_height=\u00bb1.8em\u00bb header_2_font_size_tablet=\u00bb\u00bb header_2_font_size_phone=\u00bb20px\u00bb header_2_font_size_last_edited=\u00bbon|phone\u00bb header_3_font_size_tablet=\u00bb\u00bb header_3_font_size_phone=\u00bb14px\u00bb header_3_font_size_last_edited=\u00bbon|phone\u00bb locked=\u00bboff\u00bb global_colors_info=\u00bb{}\u00bb]<\/p>\n<h2 style=\"text-align: center;\">Dieta saludable<\/h2>\n<h2 style=\"text-align: center;\"><span style=\"font-size: 14px; color: #666666; font-family: 'Open Sans', Arial, sans-serif; font-weight: 500;\">La variedad en nuestros men\u00fas es garant\u00eda de equilibrio, ya que unos grupos de alimentos aportan nutrientes que en otros grupos son deficitarios e incluso, dentro del mismo grupo de alimentos, unos pueden suplir la carencia nutricional de otros.<\/span><\/h2>\n<p>[\/et_pb_text][\/et_pb_column][et_pb_column type=\u00bb1_2&#8243; _builder_version=\u00bb3.25&#8243; custom_padding=\u00bb|||\u00bb global_colors_info=\u00bb{}\u00bb custom_padding__hover=\u00bb|||\u00bb][et_pb_image src=\u00bbhttps:\/\/www.colegioenriquesoler.com\/comedor\/wp-content\/uploads\/2020\/02\/Dietitian_Illustration_02.png\u00bb align_tablet=\u00bbcenter\u00bb align_phone=\u00bb\u00bb align_last_edited=\u00bbon|desktop\u00bb _builder_version=\u00bb3.23&#8243; animation=\u00bbtop\u00bb global_colors_info=\u00bb{}\u00bb][\/et_pb_image][\/et_pb_column][\/et_pb_row][\/et_pb_section]<\/p>\n","protected":false},"excerpt":{"rendered":"<p>Precios Infantil 1Precios Inf. 2 y PrimariaCada semana elaboramos un men\u00fa diferente completo y equilibradoNuestros m\u00e9todos de elaboraci\u00f3n y los ingredientes de cada men\u00fa son cuidadosamente estudiadosNuestro comedor y nuestro personal cumple rigurosamente con todos los requisitos establecidosDieta saludable La variedad en nuestros men\u00fas es garant\u00eda de equilibrio, ya que unos grupos de alimentos aportan [&hellip;]<\/p>\n","protected":false},"author":1,"featured_media":0,"parent":0,"menu_order":1,"comment_status":"closed","ping_status":"closed","template":"","meta":{"_et_pb_use_builder":"on","_et_pb_old_content":"","_et_gb_content_width":"","footnotes":""},"class_list":["post-129","page","type-page","status-publish","hentry"],"jetpack_sharing_enabled":true,"post_mailing_queue_ids":[],"_links":{"self":[{"href":"https:\/\/colegioenriquesoler.com\/comedor\/wp-json\/wp\/v2\/pages\/129"}],"collection":[{"href":"https:\/\/colegioenriquesoler.com\/comedor\/wp-json\/wp\/v2\/pages"}],"about":[{"href":"https:\/\/colegioenriquesoler.com\/comedor\/wp-json\/wp\/v2\/types\/page"}],"author":[{"embeddable":true,"href":"https:\/\/colegioenriquesoler.com\/comedor\/wp-json\/wp\/v2\/users\/1"}],"replies":[{"embeddable":true,"href":"https:\/\/colegioenriquesoler.com\/comedor\/wp-json\/wp\/v2\/comments?post=129"}],"version-history":[{"count":33,"href":"https:\/\/colegioenriquesoler.com\/comedor\/wp-json\/wp\/v2\/pages\/129\/revisions"}],"predecessor-version":[{"id":11991,"href":"https:\/\/colegioenriquesoler.com\/comedor\/wp-json\/wp\/v2\/pages\/129\/revisions\/11991"}],"wp:attachment":[{"href":"https:\/\/colegioenriquesoler.com\/comedor\/wp-json\/wp\/v2\/media?parent=129"}],"curies":[{"name":"wp","href":"https:\/\/api.w.org\/{rel}","templated":true}]}}