{"id":178,"date":"2020-02-04T12:48:39","date_gmt":"2020-02-04T12:48:39","guid":{"rendered":"https:\/\/www.colegioenriquesoler.com\/comedor\/?page_id=178"},"modified":"2024-10-29T10:52:24","modified_gmt":"2024-10-29T09:52:24","slug":"178-2","status":"publish","type":"page","link":"https:\/\/colegioenriquesoler.com\/comedor\/","title":{"rendered":"Inicio"},"content":{"rendered":"<p>[et_pb_section fb_built=\u00bb1&#8243; admin_label=\u00bbHeader\u00bb _builder_version=\u00bb3.22&#8243; use_background_color_gradient=\u00bbon\u00bb background_color_gradient_start=\u00bbrgba(255,255,255,0.4)\u00bb background_color_gradient_end=\u00bb#ffffff\u00bb background_color_gradient_end_position=\u00bb90%\u00bb background_color_gradient_overlays_image=\u00bbon\u00bb background_image=\u00bbhttps:\/\/www.colegioenriquesoler.com\/comedor\/wp-content\/uploads\/2020\/02\/nutritionist-34.jpg\u00bb custom_margin=\u00bb||||false\u00bb custom_padding=\u00bb12vw||6vw||false|false\u00bb global_colors_info=\u00bb{}\u00bb][et_pb_row _builder_version=\u00bb3.25&#8243; global_colors_info=\u00bb{}\u00bb][et_pb_column type=\u00bb4_4&#8243; _builder_version=\u00bb3.25&#8243; custom_padding=\u00bb|||\u00bb global_colors_info=\u00bb{}\u00bb custom_padding__hover=\u00bb|||\u00bb][et_pb_text _builder_version=\u00bb3.27.4&#8243; text_font=\u00bb||||||||\u00bb ul_font=\u00bb||||||||\u00bb ol_font=\u00bb||||||||\u00bb header_font=\u00bbMontserrat|500||on|||||\u00bb header_font_size=\u00bb18px\u00bb header_letter_spacing=\u00bb5px\u00bb header_line_height=\u00bb1.5em\u00bb header_2_font=\u00bbMerriweather|||on|||||\u00bb header_2_font_size=\u00bb70px\u00bb header_2_letter_spacing=\u00bb5px\u00bb header_2_line_height=\u00bb1.4em\u00bb header_3_font=\u00bb||||||||\u00bb header_4_font=\u00bb||||||||\u00bb header_5_font=\u00bb||||||||\u00bb header_6_font=\u00bb||||||||\u00bb text_orientation=\u00bbcenter\u00bb header_font_size_tablet=\u00bb\u00bb header_font_size_phone=\u00bb12px\u00bb header_font_size_last_edited=\u00bbon|desktop\u00bb header_2_font_size_tablet=\u00bb50px\u00bb header_2_font_size_phone=\u00bb30px\u00bb header_2_font_size_last_edited=\u00bbon|desktop\u00bb global_colors_info=\u00bb{}\u00bb]<\/p>\n<h2>COMEDOR ESCOLAR<\/h2>\n<h1>COLEGIO ENRIQUE SOLER<\/h1>\n<p>[\/et_pb_text][\/et_pb_column][\/et_pb_row][et_pb_row _builder_version=\u00bb4.9.4&#8243; _module_preset=\u00bbdefault\u00bb global_colors_info=\u00bb{}\u00bb][et_pb_column type=\u00bb4_4&#8243; _builder_version=\u00bb4.9.4&#8243; _module_preset=\u00bbdefault\u00bb global_colors_info=\u00bb{}\u00bb][et_pb_text _builder_version=\u00bb4.9.4&#8243; _module_preset=\u00bbdefault\u00bb custom_margin=\u00bb-65px||||false|false\u00bb animation_style=\u00bbfade\u00bb link_option_url=\u00bbhttps:\/\/t.me\/comedorenriquesoler\u00bb link_option_url_new_window=\u00bbon\u00bb global_colors_info=\u00bb{}\u00bb]<\/p>\n<p style=\"text-align: center;\">\n<p style=\"text-align: center;\">\n<p style=\"text-align: center;\">\n<p style=\"text-align: center;\"><img loading=\"lazy\" decoding=\"async\" src=\"https:\/\/colegioenriquesoler.com\/comedor\/wp-content\/uploads\/2021\/09\/logo-300x61.png\" width=\"191\" height=\"39\" alt=\"\" class=\"wp-image-6977 alignnone size-medium\" \/><\/p>\n<p style=\"text-align: center;\">\u00danase pulsando aqu\u00ed para estar al tanto de todas nuestras noticias<\/p>\n<p>[\/et_pb_text][\/et_pb_column][\/et_pb_row][\/et_pb_section][et_pb_section fb_built=\u00bb1&#8243; custom_padding_last_edited=\u00bbon|tablet\u00bb prev_background_color=\u00bb#ffffff\u00bb next_background_color=\u00bb#34545a\u00bb admin_label=\u00bbAbout Me\u00bb _builder_version=\u00bb3.22&#8243; background_color=\u00bb#fafafa\u00bb custom_padding=\u00bb1vw|0px|0vw|0px|false|false\u00bb custom_padding_tablet=\u00bb||10vw|\u00bb custom_padding_phone=\u00bb\u00bb top_divider_style=\u00bbcurve\u00bb top_divider_height=\u00bb6vw\u00bb top_divider_flip=\u00bbvertical\u00bb bottom_divider_style=\u00bbcurve\u00bb bottom_divider_height=\u00bb10vw\u00bb bottom_divider_repeat=\u00bb0.5x\u00bb global_colors_info=\u00bb{}\u00bb][et_pb_row column_structure=\u00bb1_2,1_2&#8243; _builder_version=\u00bb3.25&#8243; global_colors_info=\u00bb{}\u00bb][et_pb_column type=\u00bb1_2&#8243; _builder_version=\u00bb3.25&#8243; custom_padding=\u00bb|||\u00bb global_colors_info=\u00bb{}\u00bb custom_padding__hover=\u00bb|||\u00bb][et_pb_text _builder_version=\u00bb3.27.4&#8243; text_font=\u00bb||||||||\u00bb text_line_height=\u00bb2em\u00bb header_font=\u00bb||||||||\u00bb header_2_font=\u00bbMerriweather|700|||||||\u00bb header_2_font_size=\u00bb36px\u00bb header_2_line_height=\u00bb1.6em\u00bb header_2_font_size_tablet=\u00bb\u00bb header_2_font_size_phone=\u00bb20px\u00bb header_2_font_size_last_edited=\u00bbon|phone\u00bb locked=\u00bboff\u00bb global_colors_info=\u00bb{}\u00bb]<\/p>\n<h2 style=\"text-align: center;\">Nuestra oferta<\/h2>\n<p><span><\/span><\/p>\n<p style=\"text-align: center;\">Todos los<span>\u00a0<\/span><strong>men\u00fas son elaborados \u00edntegramente en nuestras instalaciones<\/strong>,\u00a0 cumpliendo los m\u00e1ximos est\u00e1ndares de calidad, salubridad y trazabilidad.<\/p>\n<p style=\"text-align: center;\"><strong>Men\u00fas especiales<\/strong><span>\u00a0<\/span>para aquellos que padezcan alguna alergia o intolerancia alimentaria.\u00a0<\/p>\n<p style=\"text-align: center;\"><span><strong>Atenci\u00f3n personalizada<\/strong> en todo momento\u00a0<\/span><strong>por personal cualificado y propio del centro.<span>\u00a0<\/span><\/strong><span>Este personal est\u00e1 pendiente del normal desarrollo de los turnos de comida y de que se preste un servicio de calidad.<\/span><\/p>\n<p><span>.<\/span><\/p>\n<p>[\/et_pb_text][\/et_pb_column][et_pb_column type=\u00bb1_2&#8243; _builder_version=\u00bb3.25&#8243; custom_padding=\u00bb|||\u00bb global_colors_info=\u00bb{}\u00bb custom_padding__hover=\u00bb|||\u00bb][et_pb_image src=\u00bbhttps:\/\/www.colegioenriquesoler.com\/comedor\/wp-content\/uploads\/2020\/02\/Dietitian_Illustration_08.png\u00bb align_tablet=\u00bbcenter\u00bb align_phone=\u00bb\u00bb align_last_edited=\u00bbon|desktop\u00bb _builder_version=\u00bb3.23&#8243; animation_style=\u00bbzoom\u00bb animation_intensity_zoom=\u00bb10%\u00bb animation=\u00bbtop\u00bb global_colors_info=\u00bb{}\u00bb][\/et_pb_image][et_pb_button button_url=\u00bbhttps:\/\/comamel.es\/comedor\/\u00bb url_new_window=\u00bbon\u00bb button_text=\u00bbINSCR\u00cdBETE\u00bb button_alignment=\u00bbcenter\u00bb _builder_version=\u00bb4.11.4&#8243; custom_button=\u00bbon\u00bb button_text_size=\u00bb24px\u00bb button_icon=\u00bb%%75%%\u00bb button_icon_color=\u00bb#e02b20&#8243; box_shadow_style=\u00bbpreset1&#8243; global_colors_info=\u00bb{}\u00bb][\/et_pb_button][et_pb_text _builder_version=\u00bb4.2.2&#8243; global_colors_info=\u00bb{}\u00bb]<\/p>\n<p style=\"text-align: center;\"><span style=\"color: #008000;\">Formulario de Inscripci\u00f3n para domiciliaci\u00f3n bancaria (Meses completos)<\/span><\/p>\n<p>[\/et_pb_text][et_pb_text _builder_version=\u00bb4.11.4&#8243; custom_margin=\u00bb-22px||||false|false\u00bb animation_style=\u00bbfade\u00bb animation_duration=\u00bb1350ms\u00bb animation_delay=\u00bb500ms\u00bb animation_starting_opacity=\u00bb10%\u00bb link_option_url=\u00bbhttps:\/\/colegioenriquesoler.com\/comedor\/tienda\/\u00bb global_colors_info=\u00bb{}\u00bb]<\/p>\n<p style=\"text-align: center;\"><span style=\"color: #3366ff;\"><strong>Para comprar tickets sueltos pulse <span style=\"text-decoration: underline;\">aqu\u00ed\u00a0<\/span><\/strong><\/span><\/p>\n<p>[\/et_pb_text][\/et_pb_column][\/et_pb_row][et_pb_row column_structure=\u00bb1_3,1_3,1_3&#8243; _builder_version=\u00bb3.25&#8243; global_colors_info=\u00bb{}\u00bb][et_pb_column type=\u00bb1_3&#8243; _builder_version=\u00bb3.25&#8243; custom_padding=\u00bb|||\u00bb global_colors_info=\u00bb{}\u00bb custom_padding__hover=\u00bb|||\u00bb][et_pb_blurb title=\u00bbNuestra visi\u00f3n\u00bb image_max_width=\u00bb80px\u00bb _builder_version=\u00bb3.15&#8243; header_font=\u00bbMerriweather|700|||||||\u00bb header_line_height=\u00bb1.8em\u00bb body_font=\u00bb||||||||\u00bb body_font_size=\u00bb13px\u00bb body_line_height=\u00bb2em\u00bb background_color=\u00bb#ffffff\u00bb text_orientation=\u00bbcenter\u00bb custom_padding=\u00bb30px|30px|30px|30px|true|true\u00bb animation_style=\u00bbzoom\u00bb animation_intensity_zoom=\u00bb10%\u00bb border_radii=\u00bbon|10px|10px|10px|10px\u00bb border_radii_image=\u00bbon|100px|100px|100px|100px\u00bb box_shadow_style=\u00bbpreset1&#8243; box_shadow_vertical=\u00bb10px\u00bb box_shadow_blur=\u00bb60px\u00bb box_shadow_color=\u00bbrgba(1,33,92,0.1)\u00bb box_shadow_style_image=\u00bbpreset1&#8243; box_shadow_vertical_image=\u00bb10px\u00bb box_shadow_blur_image=\u00bb40px\u00bb box_shadow_spread_image=\u00bb-10px\u00bb box_shadow_color_image=\u00bbrgba(91,110,115,0.1)\u00bb locked=\u00bboff\u00bb global_colors_info=\u00bb{}\u00bb]<\/p>\n<p style=\"text-align: justify;\"><span>Actividades, juegos y un espacio multidisciplinar en el que, adem\u00e1s de sentarnos a la mesa para reponer fuerzas, tenemos la oportunidad de\u00a0<\/span><strong><em>aprender m\u00e1s<\/em><\/strong><span>\u00a0sobre los alimentos\u00a0 y la nutrici\u00f3n. Esta es la manera de entender el\u00a0<\/span><strong><em>comedor escolar<\/em><\/strong><span>, una visi\u00f3n amplia y din\u00e1mica en la que podemos socializarnos y aprender buenos h\u00e1bitos<\/span><\/p>\n<p>[\/et_pb_blurb][\/et_pb_column][et_pb_column type=\u00bb1_3&#8243; _builder_version=\u00bb3.25&#8243; custom_padding=\u00bb|||\u00bb global_colors_info=\u00bb{}\u00bb custom_padding__hover=\u00bb|||\u00bb][et_pb_blurb title=\u00bbNuestros Objetivos\u00bb image_max_width=\u00bb80px\u00bb _builder_version=\u00bb3.15&#8243; header_font=\u00bbMerriweather|700|||||||\u00bb header_line_height=\u00bb1.8em\u00bb body_font=\u00bb||||||||\u00bb body_font_size=\u00bb13px\u00bb body_line_height=\u00bb2em\u00bb background_color=\u00bb#ffffff\u00bb text_orientation=\u00bbcenter\u00bb custom_padding=\u00bb30px|30px|30px|30px|true|true\u00bb animation_style=\u00bbzoom\u00bb animation_intensity_zoom=\u00bb10%\u00bb border_radii=\u00bbon|10px|10px|10px|10px\u00bb border_radii_image=\u00bbon|100px|100px|100px|100px\u00bb box_shadow_style=\u00bbpreset1&#8243; box_shadow_vertical=\u00bb10px\u00bb box_shadow_blur=\u00bb60px\u00bb box_shadow_color=\u00bbrgba(1,33,92,0.1)\u00bb box_shadow_style_image=\u00bbpreset1&#8243; box_shadow_vertical_image=\u00bb10px\u00bb box_shadow_blur_image=\u00bb40px\u00bb box_shadow_spread_image=\u00bb-10px\u00bb box_shadow_color_image=\u00bbrgba(91,110,115,0.1)\u00bb locked=\u00bboff\u00bb global_colors_info=\u00bb{}\u00bb]<\/p>\n<p style=\"text-align: left;\">Promover la adaptaci\u00f3n del alumnado a una diversidad de men\u00fas y a unos h\u00e1bitos alimentarios saludables que incluyan la cortes\u00eda, la tolerancia, la solidaridad y la educaci\u00f3n para la convivencia.<\/p>\n<p style=\"text-align: left;\">Ofrecer una planificaci\u00f3n alimentaria que aporte las sustancias nutritivas que los alumnos y las alumnas necesitan para su normal desarrollo.<\/p>\n<p style=\"text-align: left;\">Facilitar la conciliaci\u00f3n familiar y laboral.<\/p>\n<p>[\/et_pb_blurb][\/et_pb_column][et_pb_column type=\u00bb1_3&#8243; _builder_version=\u00bb3.25&#8243; custom_padding=\u00bb|||\u00bb global_colors_info=\u00bb{}\u00bb custom_padding__hover=\u00bb|||\u00bb][et_pb_blurb title=\u00bbModalidades\u00bb image_max_width=\u00bb80px\u00bb _builder_version=\u00bb3.15&#8243; header_font=\u00bbMerriweather|700|||||||\u00bb header_line_height=\u00bb1.8em\u00bb body_font=\u00bb||||||||\u00bb body_font_size=\u00bb13px\u00bb body_line_height=\u00bb2em\u00bb background_color=\u00bb#ffffff\u00bb text_orientation=\u00bbcenter\u00bb custom_padding=\u00bb30px|30px|30px|30px|true|true\u00bb animation_style=\u00bbzoom\u00bb animation_intensity_zoom=\u00bb10%\u00bb border_radii=\u00bbon|10px|10px|10px|10px\u00bb border_radii_image=\u00bbon|100px|100px|100px|100px\u00bb box_shadow_style=\u00bbpreset1&#8243; box_shadow_vertical=\u00bb10px\u00bb box_shadow_blur=\u00bb60px\u00bb box_shadow_color=\u00bbrgba(1,33,92,0.1)\u00bb box_shadow_style_image=\u00bbpreset1&#8243; box_shadow_vertical_image=\u00bb10px\u00bb box_shadow_blur_image=\u00bb40px\u00bb box_shadow_spread_image=\u00bb-10px\u00bb box_shadow_color_image=\u00bbrgba(91,110,115,0.1)\u00bb locked=\u00bboff\u00bb global_colors_info=\u00bb{}\u00bb]<\/p>\n<p><span>Disponemos de modalidades bonificadas para aquellos alumnos que hacen uso del servicio de comedor de forma continua. \u00c9stas suponen un importante ahorro frente al ticket diario.<\/span><\/p>\n<p>[\/et_pb_blurb][\/et_pb_column][\/et_pb_row][\/et_pb_section][et_pb_section fb_built=\u00bb1&#8243; admin_label=\u00bbCall to Action\u00bb _builder_version=\u00bb4.2.2&#8243; background_color=\u00bb#34545a\u00bb use_background_color_gradient=\u00bbon\u00bb background_color_gradient_start=\u00bb#34545a\u00bb background_color_gradient_end=\u00bbrgba(52,84,90,0.8)\u00bb background_color_gradient_overlays_image=\u00bbon\u00bb background_image=\u00bbhttps:\/\/colegioenriquesoler.com\/comedor\/wp-content\/uploads\/2020\/02\/nutritionist-35.jpg\u00bb global_colors_info=\u00bb{}\u00bb][\/et_pb_section][et_pb_section fb_built=\u00bb1&#8243; admin_label=\u00bbFooter\u00bb _builder_version=\u00bb3.22&#8243; background_color=\u00bb#f9f9f4&#8243; use_background_color_gradient=\u00bbon\u00bb background_color_gradient_start=\u00bb#f9f9f4&#8243; background_color_gradient_end=\u00bb#ffffff\u00bb background_color_gradient_type=\u00bbradial\u00bb background_color_gradient_start_position=\u00bb80%\u00bb background_image=\u00bbhttps:\/\/www.colegioenriquesoler.com\/comedor\/wp-content\/uploads\/2020\/02\/nutritionist-15.png\u00bb background_size=\u00bbcontain\u00bb background_position=\u00bbtop_center\u00bb max_width=\u00bb1220px\u00bb module_alignment=\u00bbcenter\u00bb custom_margin=\u00bb60px||60px||true|false\u00bb custom_padding=\u00bb|16%||16%|false|true\u00bb animation_style=\u00bbzoom\u00bb animation_intensity_zoom=\u00bb10%\u00bb saved_tabs=\u00bball\u00bb locked=\u00bboff\u00bb global_colors_info=\u00bb{}\u00bb][et_pb_row _builder_version=\u00bb3.25&#8243; custom_padding=\u00bb30px||30px||true\u00bb global_colors_info=\u00bb{}\u00bb][et_pb_column type=\u00bb4_4&#8243; _builder_version=\u00bb3.25&#8243; custom_padding=\u00bb|||\u00bb global_colors_info=\u00bb{}\u00bb custom_padding__hover=\u00bb|||\u00bb][et_pb_image src=\u00bbhttps:\/\/colegioenriquesoler.com\/comedor\/wp-content\/uploads\/2020\/02\/visa_saludable.png\u00bb align=\u00bbcenter\u00bb _builder_version=\u00bb4.2.2&#8243; background_color=\u00bbrgba(0,0,0,0)\u00bb global_colors_info=\u00bb{}\u00bb][\/et_pb_image][\/et_pb_column][\/et_pb_row][\/et_pb_section][et_pb_section fb_built=\u00bb1&#8243; _builder_version=\u00bb4.11.4&#8243; _module_preset=\u00bbdefault\u00bb][et_pb_row _builder_version=\u00bb4.11.4&#8243; _module_preset=\u00bbdefault\u00bb][et_pb_column _builder_version=\u00bb4.11.4&#8243; _module_preset=\u00bbdefault\u00bb type=\u00bb4_4&#8243;][et_pb_text _builder_version=\u00bb4.11.4&#8243; _module_preset=\u00bbdefault\u00bb hover_enabled=\u00bb0&#8243; sticky_enabled=\u00bb0&#8243;]<\/p>\n<p style=\"text-align: center;\"><a href=\"https:\/\/colegioenriquesoler.com\/comedor\/wp-content\/uploads\/2024\/10\/rri_copmedor_esoler.pdf\" target=\"_blank\" rel=\"noopener\">REGLAMENTO DE R\u00c9GIMEN INTERNO<\/a><\/p>\n<p>[\/et_pb_text][\/et_pb_column][\/et_pb_row][\/et_pb_section][et_pb_section fb_built=\u00bb1&#8243; _builder_version=\u00bb4.11.4&#8243; _module_preset=\u00bbdefault\u00bb custom_padding=\u00bb0px||0px|||\u00bb global_colors_info=\u00bb{}\u00bb][et_pb_row _builder_version=\u00bb4.11.4&#8243; _module_preset=\u00bbdefault\u00bb global_colors_info=\u00bb{}\u00bb][et_pb_column type=\u00bb4_4&#8243; _builder_version=\u00bb4.11.4&#8243; _module_preset=\u00bbdefault\u00bb global_colors_info=\u00bb{}\u00bb][et_pb_image src=\u00bbhttps:\/\/colegioenriquesoler.com\/comedor\/wp-content\/uploads\/2021\/11\/by-COMAMEL-SERVICES-200-x-200-px-200-x-100-px-1.png\u00bb title_text=\u00bbby COMAMEL SERVICES (200 x 200 px) (200 x 100 px)\u00bb align=\u00bbcenter\u00bb _builder_version=\u00bb4.11.4&#8243; _module_preset=\u00bbdefault\u00bb width=\u00bb25%\u00bb max_width=\u00bb24%\u00bb global_colors_info=\u00bb{}\u00bb][\/et_pb_image][\/et_pb_column][\/et_pb_row][\/et_pb_section]<\/p>\n","protected":false},"excerpt":{"rendered":"<p>COMEDOR ESCOLAR COLEGIO ENRIQUE SOLER \u00danase pulsando aqu\u00ed para estar al tanto de todas nuestras noticiasNuestra oferta Todos los\u00a0men\u00fas son elaborados \u00edntegramente en nuestras instalaciones,\u00a0 cumpliendo los m\u00e1ximos est\u00e1ndares de calidad, salubridad y trazabilidad. Men\u00fas especiales\u00a0para aquellos que padezcan alguna alergia o intolerancia alimentaria.\u00a0 Atenci\u00f3n personalizada en todo momento\u00a0por personal cualificado y propio del centro.\u00a0Este [&hellip;]<\/p>\n","protected":false},"author":1,"featured_media":0,"parent":0,"menu_order":0,"comment_status":"closed","ping_status":"closed","template":"","meta":{"_et_pb_use_builder":"on","_et_pb_old_content":"","_et_gb_content_width":"","footnotes":""},"class_list":["post-178","page","type-page","status-publish","hentry"],"jetpack_sharing_enabled":true,"post_mailing_queue_ids":[],"_links":{"self":[{"href":"https:\/\/colegioenriquesoler.com\/comedor\/wp-json\/wp\/v2\/pages\/178"}],"collection":[{"href":"https:\/\/colegioenriquesoler.com\/comedor\/wp-json\/wp\/v2\/pages"}],"about":[{"href":"https:\/\/colegioenriquesoler.com\/comedor\/wp-json\/wp\/v2\/types\/page"}],"author":[{"embeddable":true,"href":"https:\/\/colegioenriquesoler.com\/comedor\/wp-json\/wp\/v2\/users\/1"}],"replies":[{"embeddable":true,"href":"https:\/\/colegioenriquesoler.com\/comedor\/wp-json\/wp\/v2\/comments?post=178"}],"version-history":[{"count":30,"href":"https:\/\/colegioenriquesoler.com\/comedor\/wp-json\/wp\/v2\/pages\/178\/revisions"}],"predecessor-version":[{"id":10944,"href":"https:\/\/colegioenriquesoler.com\/comedor\/wp-json\/wp\/v2\/pages\/178\/revisions\/10944"}],"wp:attachment":[{"href":"https:\/\/colegioenriquesoler.com\/comedor\/wp-json\/wp\/v2\/media?parent=178"}],"curies":[{"name":"wp","href":"https:\/\/api.w.org\/{rel}","templated":true}]}}