{"id":696,"date":"2020-02-14T13:31:45","date_gmt":"2020-02-14T12:31:45","guid":{"rendered":"https:\/\/colegioenriquesoler.com\/comedor\/?page_id=696"},"modified":"2020-02-14T13:31:45","modified_gmt":"2020-02-14T12:31:45","slug":"696-2","status":"publish","type":"page","link":"https:\/\/colegioenriquesoler.com\/comedor\/696-2\/","title":{"rendered":"Ayuda"},"content":{"rendered":"<p>[et_pb_section fb_built=\u00bb1&#8243; admin_label=\u00bbCoaching\u00bb _builder_version=\u00bb3.22&#8243; background_color=\u00bb#fafafa\u00bb][et_pb_row _builder_version=\u00bb3.25&#8243;][et_pb_column type=\u00bb4_4&#8243; _builder_version=\u00bb3.25&#8243; custom_padding=\u00bb|||\u00bb custom_padding__hover=\u00bb|||\u00bb][et_pb_text _builder_version=\u00bb3.27.4&#8243; text_font=\u00bb||||||||\u00bb text_line_height=\u00bb2em\u00bb header_font=\u00bb||||||||\u00bb header_3_font=\u00bbMerriweather|700|||||||\u00bb header_3_font_size=\u00bb26px\u00bb header_3_line_height=\u00bb1.6em\u00bb text_orientation=\u00bbcenter\u00bb max_width=\u00bb600px\u00bb module_alignment=\u00bbcenter\u00bb header_3_font_size_tablet=\u00bb\u00bb header_3_font_size_phone=\u00bb20px\u00bb header_3_font_size_last_edited=\u00bbon|phone\u00bb locked=\u00bboff\u00bb]<\/p>\n<h3>\u00bfC\u00d3MO ES EL PROCESO DE COMPRA?<\/h3>\n<p>Es muy sencillo. A continuaci\u00f3n le mostramos PASO A PASO c\u00f3mo hacerlo<\/p>\n<p>[\/et_pb_text][\/et_pb_column][\/et_pb_row][et_pb_row column_structure=\u00bb1_3,1_3,1_3&#8243; _builder_version=\u00bb4.2.2&#8243; animation_style=\u00bbzoom\u00bb animation_delay=\u00bb450ms\u00bb animation_starting_opacity=\u00bb10%\u00bb locked=\u00bboff\u00bb][et_pb_column type=\u00bb1_3&#8243; _builder_version=\u00bb3.25&#8243; custom_padding=\u00bb|||\u00bb custom_padding__hover=\u00bb|||\u00bb][et_pb_image src=\u00bbhttps:\/\/colegioenriquesoler.com\/comedor\/wp-content\/uploads\/2020\/02\/1.png\u00bb show_in_lightbox=\u00bbon\u00bb _builder_version=\u00bb4.2.2&#8243;][\/et_pb_image][\/et_pb_column][et_pb_column type=\u00bb1_3&#8243; _builder_version=\u00bb3.25&#8243; custom_padding=\u00bb40px|||\u00bb custom_padding_tablet=\u00bb0px|||\u00bb custom_padding_last_edited=\u00bboff|desktop\u00bb custom_padding__hover=\u00bb|||\u00bb][et_pb_image src=\u00bbhttps:\/\/colegioenriquesoler.com\/comedor\/wp-content\/uploads\/2020\/02\/2.png\u00bb show_in_lightbox=\u00bbon\u00bb _builder_version=\u00bb4.2.2&#8243;][\/et_pb_image][\/et_pb_column][et_pb_column type=\u00bb1_3&#8243; _builder_version=\u00bb3.25&#8243; custom_padding=\u00bb|||\u00bb custom_padding__hover=\u00bb|||\u00bb][et_pb_image src=\u00bbhttps:\/\/colegioenriquesoler.com\/comedor\/wp-content\/uploads\/2020\/02\/3.png\u00bb show_in_lightbox=\u00bbon\u00bb _builder_version=\u00bb4.2.2&#8243;][\/et_pb_image][\/et_pb_column][\/et_pb_row][et_pb_row _builder_version=\u00bb4.2.2&#8243;][et_pb_column _builder_version=\u00bb4.2.2&#8243; type=\u00bb4_4&#8243;][et_pb_divider _builder_version=\u00bb4.2.2&#8243; show_divider=\u00bboff\u00bb hover_enabled=\u00bb0&#8243;][\/et_pb_divider][\/et_pb_column][\/et_pb_row][et_pb_row column_structure=\u00bb1_3,1_3,1_3&#8243; _builder_version=\u00bb4.2.2&#8243; animation_style=\u00bbzoom\u00bb animation_delay=\u00bb700ms\u00bb animation_starting_opacity=\u00bb19%\u00bb locked=\u00bboff\u00bb][et_pb_column type=\u00bb1_3&#8243; _builder_version=\u00bb3.25&#8243; custom_padding=\u00bb|||\u00bb custom_padding__hover=\u00bb|||\u00bb][et_pb_image src=\u00bbhttps:\/\/colegioenriquesoler.com\/comedor\/wp-content\/uploads\/2020\/02\/4.png\u00bb show_in_lightbox=\u00bbon\u00bb _builder_version=\u00bb4.2.2&#8243;][\/et_pb_image][\/et_pb_column][et_pb_column type=\u00bb1_3&#8243; _builder_version=\u00bb3.25&#8243; custom_padding=\u00bb40px|||\u00bb custom_padding_tablet=\u00bb0px|||\u00bb custom_padding_last_edited=\u00bboff|desktop\u00bb custom_padding__hover=\u00bb|||\u00bb][et_pb_image src=\u00bbhttps:\/\/colegioenriquesoler.com\/comedor\/wp-content\/uploads\/2020\/02\/5.png\u00bb show_in_lightbox=\u00bbon\u00bb _builder_version=\u00bb4.2.2&#8243;][\/et_pb_image][\/et_pb_column][et_pb_column type=\u00bb1_3&#8243; _builder_version=\u00bb3.25&#8243; custom_padding=\u00bb|||\u00bb custom_padding__hover=\u00bb|||\u00bb][et_pb_image src=\u00bbhttps:\/\/colegioenriquesoler.com\/comedor\/wp-content\/uploads\/2020\/02\/6.png\u00bb show_in_lightbox=\u00bbon\u00bb _builder_version=\u00bb4.2.2&#8243;][\/et_pb_image][\/et_pb_column][\/et_pb_row][et_pb_row _builder_version=\u00bb4.2.2&#8243; animation_style=\u00bbzoom\u00bb animation_delay=\u00bb800ms\u00bb animation_starting_opacity=\u00bb21%\u00bb][et_pb_column type=\u00bb4_4&#8243; _builder_version=\u00bb4.2.2&#8243;][et_pb_text _builder_version=\u00bb4.2.2&#8243;]<\/p>\n<h4>\u00a1HA TERMINADO!. Hemos recibido el pedido y su hijo\/a estar\u00e1 autom\u00e1ticamente apuntado a la lista del comedor del d\u00eda elegido. Sin Ncesidad de presentar ning\u00fan justificante ni pasar por el Centro<\/h4>\n<p>[\/et_pb_text][\/et_pb_column][\/et_pb_row][\/et_pb_section]<\/p>\n","protected":false},"excerpt":{"rendered":"<p>\u00bfC\u00d3MO ES EL PROCESO DE COMPRA? Es muy sencillo. A continuaci\u00f3n le mostramos PASO A PASO c\u00f3mo hacerlo\u00a1HA TERMINADO!. Hemos recibido el pedido y su hijo\/a estar\u00e1 autom\u00e1ticamente apuntado a la lista del comedor del d\u00eda elegido. Sin Ncesidad de presentar ning\u00fan justificante ni pasar por el Centro<\/p>\n","protected":false},"author":1,"featured_media":0,"parent":0,"menu_order":0,"comment_status":"closed","ping_status":"closed","template":"","meta":{"_et_pb_use_builder":"on","_et_pb_old_content":"","_et_gb_content_width":"","footnotes":""},"class_list":["post-696","page","type-page","status-publish","hentry"],"jetpack_sharing_enabled":true,"post_mailing_queue_ids":[],"_links":{"self":[{"href":"https:\/\/colegioenriquesoler.com\/comedor\/wp-json\/wp\/v2\/pages\/696"}],"collection":[{"href":"https:\/\/colegioenriquesoler.com\/comedor\/wp-json\/wp\/v2\/pages"}],"about":[{"href":"https:\/\/colegioenriquesoler.com\/comedor\/wp-json\/wp\/v2\/types\/page"}],"author":[{"embeddable":true,"href":"https:\/\/colegioenriquesoler.com\/comedor\/wp-json\/wp\/v2\/users\/1"}],"replies":[{"embeddable":true,"href":"https:\/\/colegioenriquesoler.com\/comedor\/wp-json\/wp\/v2\/comments?post=696"}],"version-history":[{"count":5,"href":"https:\/\/colegioenriquesoler.com\/comedor\/wp-json\/wp\/v2\/pages\/696\/revisions"}],"predecessor-version":[{"id":720,"href":"https:\/\/colegioenriquesoler.com\/comedor\/wp-json\/wp\/v2\/pages\/696\/revisions\/720"}],"wp:attachment":[{"href":"https:\/\/colegioenriquesoler.com\/comedor\/wp-json\/wp\/v2\/media?parent=696"}],"curies":[{"name":"wp","href":"https:\/\/api.w.org\/{rel}","templated":true}]}}