{"id":111,"date":"2020-02-03T18:48:18","date_gmt":"2020-02-03T17:48:18","guid":{"rendered":"https:\/\/www.colegioenriquesoler.com\/comedor\/?post_type=product&#038;p=111"},"modified":"2025-09-10T13:40:18","modified_gmt":"2025-09-10T11:40:18","slug":"ticket-guarderia","status":"publish","type":"product","link":"https:\/\/colegioenriquesoler.com\/comedor\/producto\/ticket-guarderia\/","title":{"rendered":"TICKET INFANTIL 2 y PRIMARIA"},"content":{"rendered":"<p>Ticket comedor para uso diario de alumnos matriculados en Educaci\u00f3n Infantil 2 y Primaria. Este ticket NO lleva asociado transporte.<\/p>\n<p style=\"text-align: center;\"><strong><span style=\"color: #ff0000;\">A partir de las 10.01 am solo podr\u00e1n comprarse ticket para d\u00eda siguiente o sucesivos<\/span><\/strong><\/p>\n<p><em>\u00a0<\/em><\/p>\n<p>&nbsp;<\/p>\n","protected":false},"excerpt":{"rendered":"<p>Ticket comedor para uso diario de alumnos matriculados en Educaci\u00f3n Infantil 2 y Primaria. Este ticket NO lleva asociado transporte. A partir de las 10.01 am solo podr\u00e1n comprarse ticket para d\u00eda siguiente o sucesivos \u00a0 &nbsp;<\/p>\n","protected":false},"featured_media":425,"comment_status":"closed","ping_status":"closed","template":"","meta":{"_et_pb_use_builder":"off","_et_pb_old_content":"","_et_gb_content_width":""},"product_brand":[],"product_cat":[24],"product_tag":[],"class_list":{"0":"post-111","1":"product","2":"type-product","3":"status-publish","4":"has-post-thumbnail","6":"product_cat-ticket-comedor","7":"wcpa_has_options","9":"first","10":"instock","11":"sold-individually","12":"shipping-taxable","13":"purchasable","14":"product-type-simple"},"jetpack_sharing_enabled":true,"wcpa_form_fields":{"wcpaData":{"product":{"product_price":10,"price_html":"<span class=\"woocommerce-Price-amount amount\"><bdi>10,00<span class=\"woocommerce-Price-currencySymbol\">&euro;<\/span><\/bdi><\/span>","original_product_price":10,"price_including_tax":10,"price_excluding_tax":10,"product_id":{"parent":111,"variation":false},"is_variable":false,"stock_status":"instock","stock_quantity":null,"parent_sku":"","product_attributes":[],"custom_fields":[],"is_taxable":false,"product_name":"TICKET INFANTIL 2 y PRIMARIA","hasImage":false},"fields":{"sec_0670ce5a2cc74d":{"extra":{"key":"sec_0670ce5a2cc74d","section_id":"sec_0670ce5a2cc74d","name":"Default","status":1,"cl_rule":"show","enableCl":false,"relations":[],"toggle":true,"title_tag":"h3","show_title":false,"showPrice":"default","form_id":223,"form_rules":{"exclude_from_discount":false,"fee_label":"Fee","disp_hide_options_price":false,"disp_show_section_price":false,"disp_show_field_price":true,"layout_option":"standard","pric_use_as_fee":false,"process_fee_as":"woo_fee"},"layout_option":"standard"},"fields":[[{"type":"text","required":true,"elementId":"wcpa-text-1580843856616","label":"APELLIDOS Y NOMBRE DEL ALUMNO\/A","pricingType":"fixed","className":"form-control","name":"text-1580843856616","subtype":"text","cl_rule":"show","col":6,"relations":false,"active":true,"tooltip":"","requiredError":"Campo Obligatorio","error":false,"gt_translate_keys":["label","tooltip","requiredError"],"price_dependency":false,"cl_dependency":false,"value":""}],[{"type":"select","required":true,"elementId":"wcpa-select-1580843953988","label":"CURSO Y GRUPO","priceOptions":"different_for_all","pricingType":"fixed","className":"form-control","name":"select-1580843953988","cl_rule":"show","col":6,"values":[{"label":"INFANTIL 3A","value":"I3A","price":"","pimage":"","pimage_id":"","pthumb":"","tempId":"aco_160","gt_translate_keys":["label"]},{"label":"INFANTIL 3B","value":"I3B","price":"","pimage":"","pimage_id":"","pthumb":"","tempId":"aco_161","gt_translate_keys":["label"]},{"label":"INFANTIL 3C","value":"I3C","price":"","pimage":"","pimage_id":"","pthumb":"","tempId":"aco_162","gt_translate_keys":["label"]},{"label":"INFANTIL 3D","value":"I3D","price":"","pimage":"","pimage_id":"","pthumb":"","tempId":"aco_163","gt_translate_keys":["label"]},{"label":"INFANTIL 4A","value":"I4A","price":"","pimage":"","pimage_id":"","pthumb":"","tempId":"aco_164","gt_translate_keys":["label"]},{"label":"INFANTIL 4B","value":"I4B","price":"","pimage":"","pimage_id":"","pthumb":"","tempId":"aco_165","gt_translate_keys":["label"]},{"label":"INFANTIL 4C","value":"I4C","price":"","pimage":"","pimage_id":"","pthumb":"","tempId":"aco_166","gt_translate_keys":["label"]},{"label":"INFANTIL 4D","value":"INFANTIL 4D","price":"","pimage":"","pimage_id":"","pthumb":"","tempId":"aco_167","gt_translate_keys":["label"]},{"label":"INFANTIL 5A","value":"I5A","price":"","pimage":"","pimage_id":"","pthumb":"","tempId":"aco_168","gt_translate_keys":["label"]},{"label":"INFANTIL 5B","value":"I5B","price":"","pimage":"","pimage_id":"","pthumb":"","tempId":"aco_169","gt_translate_keys":["label"]},{"label":"INFANTIL 5C","value":"I5C","price":"","pimage":"","pimage_id":"","pthumb":"","tempId":"aco_170","gt_translate_keys":["label"]},{"label":"INFANTIL 5D","value":"I5D","price":"","pimage":"","pimage_id":"","pthumb":"","tempId":"aco_171","gt_translate_keys":["label"]},{"label":"PRIMERO A","value":"P1A","price":"","pimage":"","pimage_id":"","pthumb":"","tempId":"aco_172","gt_translate_keys":["label"]},{"label":"PRIMERO B","value":"P1B","price":"","pimage":"","pimage_id":"","pthumb":"","tempId":"aco_173","gt_translate_keys":["label"]},{"label":"PRIMERO C","value":"P1C","price":"","pimage":"","pimage_id":"","pthumb":"","tempId":"aco_174","gt_translate_keys":["label"]},{"label":"PRIMERO D","value":"P1D","price":"","pimage":"","pimage_id":"","pthumb":"","tempId":"aco_175","gt_translate_keys":["label"]},{"label":"SEGUNDO A","value":"P2A","price":"","pimage":"","pimage_id":"","pthumb":"","tempId":"aco_176","gt_translate_keys":["label"]},{"label":"SEGUNDO B","value":"P2B","price":"","pimage":"","pimage_id":"","pthumb":"","tempId":"aco_177","gt_translate_keys":["label"]},{"label":"SEGUNDO C","value":"P2C","price":"","pimage":"","pimage_id":"","pthumb":"","tempId":"aco_178","gt_translate_keys":["label"]},{"label":"SEGUNDO D","value":"P2D","price":"","pimage":"","pimage_id":"","pthumb":"","tempId":"aco_179","gt_translate_keys":["label"]},{"label":"TERCERO A","value":"P3A","price":"","pimage":"","pimage_id":"","pthumb":"","tempId":"aco_180","gt_translate_keys":["label"]},{"label":"TERCERO B","value":"P3B","price":"","pimage":"","pimage_id":"","pthumb":"","tempId":"aco_181","gt_translate_keys":["label"]},{"label":"TERCERO C","value":"P3C","price":"","pimage":"","pimage_id":"","pthumb":"","tempId":"aco_182","gt_translate_keys":["label"]},{"label":"TERCERO D","value":"P3D","price":"","pimage":"","pimage_id":"","pthumb":"","tempId":"aco_183","gt_translate_keys":["label"]},{"label":"CUARTO A","value":"P4A","price":"","pimage":"","pimage_id":"","pthumb":"","tempId":"aco_184","gt_translate_keys":["label"]},{"label":"CUARTO B","value":"P4B","price":"","pimage":"","pimage_id":"","pthumb":"","tempId":"aco_185","gt_translate_keys":["label"]},{"label":"CUARTO C","value":"P4C","price":"","pimage":"","pimage_id":"","pthumb":"","tempId":"aco_186","gt_translate_keys":["label"]},{"label":"CUARTO D","value":"P4D","price":"","pimage":"","pimage_id":"","pthumb":"","tempId":"aco_187","gt_translate_keys":["label"]},{"label":"QUINTO A","value":"P5A","price":"","pimage":"","pimage_id":"","pthumb":"","tempId":"aco_188","gt_translate_keys":["label"]},{"label":"QUINTO B","value":"P5B","price":"","pimage":"","pimage_id":"","pthumb":"","tempId":"aco_189","gt_translate_keys":["label"]},{"label":"QUINTO C","value":"P5C","price":"","pimage":"","pimage_id":"","pthumb":"","tempId":"aco_190","gt_translate_keys":["label"]},{"label":"QUINTO D","value":"P5D","price":"","pimage":"","pimage_id":"","pthumb":"","tempId":"aco_191","gt_translate_keys":["label"]},{"label":"SEXTO A","value":"P6A","price":"","pimage":"","pimage_id":"","pthumb":"","tempId":"aco_192","gt_translate_keys":["label"]},{"label":"SEXTO B","value":"P6B","price":"","pimage":"","pimage_id":"","pthumb":"","tempId":"aco_193","gt_translate_keys":["label"]},{"label":"SEXTO C","value":"P6C","price":"","pimage":"","pimage_id":"","pthumb":"","tempId":"aco_194","gt_translate_keys":["label"]},{"label":"SEXTO D","value":"P6D","price":"","pimage":"","pimage_id":"","pthumb":"","tempId":"aco_195","gt_translate_keys":["label"]}],"relations":false,"active":true,"tooltip":"SELECCIONE EL CURSO","error":false,"dropdown_type":"basic","placeholder":"SELECCIONE EL CURSO","max_options":"1","min_options":"0","enableDesign":false,"mapToCheckout":false,"cartLabel":"","requiredError":"Campo Obligatorio","gt_translate_keys":["label","placeholder","tooltip","requiredError"],"price_dependency":false,"cl_dependency":false,"value":""}],[{"type":"date","required":true,"elementId":"wcpa-date-1581191546620","label":"FECHA ELEGIDA","pricingType":"fixed","className":"form-control","name":"date-1581191546620-bak","disable_manual_input":true,"min_date":{"type":"days","val":"0"},"max_date":"None","cl_rule":"show","col":6,"relations":[{"operator":false,"rules":[]}],"active":true,"tooltip":"","picker_mode":"single","picker_type":"custom","error":false,"date_pic_conf":{"disabledWeeks":[0,6],"disabledDates":["2025-05-26","2025-06-19 to 2025-09-06","2025-09-17","2025-10-02","2025-12-08","2025-12-19 to 2026-01-07","2026-05-01"]},"date_conf_custom":{"minDate":"let d = new Date();\nif (d.getHours() > 10) {\n  d.setDate(d.getDate() + 1);  \/\/ Incrementa la fecha en 1 d\u00eda si la hora es mayor a las 10:00 am\n}\nreturn d;"},"date_pic_inline":false,"requiredError":"Campo Obligatorio","enablePrice":false,"price":"10","enable_quantity":false,"quantity_label":"Quantity","mapToCheckout":false,"isWeightTemplate":false,"isTemplate":false,"min_quantity":"1","quantity_decimal":false,"quantity_step":"1","repeater_field_label":"{field_label}","repeater_bind":"","gt_translate_keys":["label","tooltip","repeater_field_label","quantity_label","requiredError"],"price_dependency":false,"cl_dependency":false,"value":""}]]}},"config":{"price_override":"","enable_recaptcha":false,"bind_quantity":false,"quantity_bind_formula":false,"disp_summ_show_option_price":true,"disp_summ_show_product_price":true,"disp_summ_show_total_price":true,"disp_summ_show_fee":false,"disp_summ_show_discount":false,"summary_title":"","options_total_label":"Options Price","total_label":"Total","options_product_label":"Product Price","fee_label":"Fee","discount_label":"Discount","has_price":true,"has_quantity_formula":false},"mc_unit":1,"tax_rate":1,"tax_rate_real":1,"discount":{"percentage":0,"fixed":0},"design":{"conf":{"LabelPosition":"above","DescPosition":"above","UploadField":"custom_1","QuantityFieldStyle":"default"},"css":{"LeftLabelWidth":"120px"}},"formulas":[],"lookuptables":[],"clones":false,"cartKey":false}},"post_mailing_queue_ids":[],"_links":{"self":[{"href":"https:\/\/colegioenriquesoler.com\/comedor\/wp-json\/wp\/v2\/product\/111"}],"collection":[{"href":"https:\/\/colegioenriquesoler.com\/comedor\/wp-json\/wp\/v2\/product"}],"about":[{"href":"https:\/\/colegioenriquesoler.com\/comedor\/wp-json\/wp\/v2\/types\/product"}],"replies":[{"embeddable":true,"href":"https:\/\/colegioenriquesoler.com\/comedor\/wp-json\/wp\/v2\/comments?post=111"}],"wp:featuredmedia":[{"embeddable":true,"href":"https:\/\/colegioenriquesoler.com\/comedor\/wp-json\/wp\/v2\/media\/425"}],"wp:attachment":[{"href":"https:\/\/colegioenriquesoler.com\/comedor\/wp-json\/wp\/v2\/media?parent=111"}],"wp:term":[{"taxonomy":"product_brand","embeddable":true,"href":"https:\/\/colegioenriquesoler.com\/comedor\/wp-json\/wp\/v2\/product_brand?post=111"},{"taxonomy":"product_cat","embeddable":true,"href":"https:\/\/colegioenriquesoler.com\/comedor\/wp-json\/wp\/v2\/product_cat?post=111"},{"taxonomy":"product_tag","embeddable":true,"href":"https:\/\/colegioenriquesoler.com\/comedor\/wp-json\/wp\/v2\/product_tag?post=111"}],"curies":[{"name":"wp","href":"https:\/\/api.w.org\/{rel}","templated":true}]}}