{"id":427,"date":"2020-02-08T19:46:48","date_gmt":"2020-02-08T19:46:48","guid":{"rendered":"https:\/\/colegioenriquesoler.com\/comedor\/?post_type=product&#038;p=427"},"modified":"2025-09-10T13:40:06","modified_gmt":"2025-09-10T11:40:06","slug":"ticket-comedor-guarderia","status":"publish","type":"product","link":"https:\/\/colegioenriquesoler.com\/comedor\/producto\/ticket-comedor-guarderia\/","title":{"rendered":"TICKET COMEDOR GUARDER\u00cdA"},"content":{"rendered":"<p><strong>Ticket comedor para uso diario de alumnos matriculados en Educaci\u00f3n Infantil 1 (1 y 2 a\u00f1os). Este ticket NO lleva asociado transporte<\/strong><\/p>\n<p style=\"text-align: center;\"><strong><span style=\"color: #ff0000;\">A partir de las 10.01 am solo podr\u00e1n comprarse ticket para el d\u00eda siguiente o sucesivos<\/span><\/strong><\/p>\n<p><em>\u00a0<\/em><\/p>\n","protected":false},"excerpt":{"rendered":"<p>Ticket comedor para uso diario de alumnos matriculados en Educaci\u00f3n Infantil 1 (1 y 2 a\u00f1os). Este ticket NO lleva asociado transporte A partir de las 10.01 am solo podr\u00e1n comprarse ticket para el d\u00eda siguiente o sucesivos \u00a0<\/p>\n","protected":false},"featured_media":424,"comment_status":"closed","ping_status":"closed","template":"","meta":{"_et_pb_use_builder":"off","_et_pb_old_content":"","_et_gb_content_width":""},"product_brand":[],"product_cat":[24],"product_tag":[],"class_list":{"0":"post-427","1":"product","2":"type-product","3":"status-publish","4":"has-post-thumbnail","6":"product_cat-ticket-comedor","7":"wcpa_has_options","9":"first","10":"instock","11":"sold-individually","12":"shipping-taxable","13":"purchasable","14":"product-type-simple"},"jetpack_sharing_enabled":true,"wcpa_form_fields":{"wcpaData":{"product":{"product_price":6,"price_html":"<span class=\"woocommerce-Price-amount amount\"><bdi>6,00<span class=\"woocommerce-Price-currencySymbol\">&euro;<\/span><\/bdi><\/span>","original_product_price":6,"price_including_tax":6,"price_excluding_tax":6,"product_id":{"parent":427,"variation":false},"is_variable":false,"stock_status":"instock","stock_quantity":null,"parent_sku":"","product_attributes":[],"custom_fields":[],"is_taxable":false,"product_name":"TICKET COMEDOR GUARDER\u00cdA","hasImage":false},"fields":{"sec_6670ceee2da732":{"extra":{"key":"sec_6670ceee2da732","section_id":"sec_6670ceee2da732","name":"Default","status":1,"cl_rule":"show","enableCl":false,"relations":[],"toggle":true,"title_tag":"h3","show_title":false,"showPrice":"default","form_id":465,"form_rules":{"exclude_from_discount":false,"fee_label":"Fee","disp_hide_options_price":false,"disp_show_section_price":false,"disp_show_field_price":true,"layout_option":"standard","pric_use_as_fee":false,"process_fee_as":"woo_fee"},"layout_option":"standard"},"fields":[[{"type":"text","required":true,"elementId":"wcpa-text-5e40291ab8f07","label":"APELLIDOS Y NOMBRE DEL ALUMNO\/A","pricingType":"fixed","className":"form-control","name":"text-5e40291ab8f1d","subtype":"text","cl_rule":"show","col":6,"relations":false,"active":true,"tooltip":"","requiredError":"Campo Obligatorio","error":false,"gt_translate_keys":["label","tooltip","requiredError"],"price_dependency":false,"cl_dependency":false,"value":""}],[{"type":"select","required":true,"elementId":"wcpa-select-5e40291ab8f31","label":"CURSO Y GRUPO","priceOptions":"different_for_all","pricingType":"fixed","className":"form-control","name":"select-5e40291ab8f43","cl_rule":"show","col":6,"values":[{"label":"INFANTIL 1A","value":"I1A","price":"","pimage":"","pimage_id":"","pthumb":"","tempId":"aco_35","gt_translate_keys":["label"]},{"label":"INFANTIL 1B","value":"I1B","price":"","pimage":"","pimage_id":"","pthumb":"","tempId":"aco_36","gt_translate_keys":["label"]},{"label":"INFANTIL 2A","value":"I2A","price":"","pimage":"","pimage_id":"","pthumb":"","tempId":"aco_37","gt_translate_keys":["label"]},{"label":"INFANTIL 2B","value":"I2B","price":"","pimage":"","pimage_id":"","pthumb":"","tempId":"aco_38","gt_translate_keys":["label"]},{"label":"INFANTIL 2C","value":"I2C","price":"","pimage":"","pimage_id":"","pthumb":"","tempId":"aco_39","gt_translate_keys":["label"]},{"label":"INFANTIL 2D","value":"I2D","price":"","pimage":"","pimage_id":"","pthumb":"","tempId":"aco_40","gt_translate_keys":["label"]}],"relations":false,"active":true,"tooltip":"","dropdown_type":"basic","error":false,"placeholder":"SELECCIONE EL CURSO","requiredError":"Campo Obligatorio","gt_translate_keys":["label","placeholder","tooltip","requiredError"],"price_dependency":false,"cl_dependency":false,"value":""}],[{"type":"date","required":true,"elementId":"wcpa-date-5e40291ab8f54","label":"FECHA ELEGIDA","pricingType":"fixed","className":"form-control","name":"date-5e40291ab8f65","disable_manual_input":true,"min_date":{"type":"days","val":"0"},"max_date":"None","cl_rule":"show","col":6,"relations":false,"active":true,"tooltip":"","picker_mode":"single","error":false,"picker_type":"custom","date_pic_conf":{"disabledWeeks":[0,6],"disabledDates":["2025-06-29 to 2025-09-01","2025-09-17","2025-12-08","2025-12-22 to 2026-01-07","2026-05-01","2026-05-26","2026-03-27 to 2026-04-05"]},"date_conf_custom":{"minDate":"let d = new Date();\nif (d.getHours() > 10) {\n  d.setDate(d.getDate() + 1);  \/\/ Incrementa la fecha en 1 d\u00eda si la hora es mayor a las 10:00 am\n}\nreturn d;"},"requiredError":"Campo Obligatorio","isWeightTemplate":false,"isTemplate":false,"min_quantity":"1","quantity_decimal":false,"quantity_step":"1","quantity_label":"Quantity","repeater_field_label":"{field_label}","repeater_bind":"","gt_translate_keys":["label","tooltip","repeater_field_label","quantity_label","requiredError"],"price_dependency":false,"cl_dependency":false,"value":""}]]}},"config":{"price_override":"","enable_recaptcha":false,"bind_quantity":false,"quantity_bind_formula":false,"disp_summ_show_option_price":true,"disp_summ_show_product_price":true,"disp_summ_show_total_price":true,"disp_summ_show_fee":false,"disp_summ_show_discount":false,"summary_title":"","options_total_label":"Options Price","total_label":"Total","options_product_label":"Product Price","fee_label":"Fee","discount_label":"Discount","has_price":true,"has_quantity_formula":false},"mc_unit":1,"tax_rate":1,"tax_rate_real":1,"discount":{"percentage":0,"fixed":0},"design":{"conf":{"LabelPosition":"above","DescPosition":"above","UploadField":"custom_1","QuantityFieldStyle":"default"},"css":{"LeftLabelWidth":"120px"}},"formulas":[],"lookuptables":[],"clones":false,"cartKey":false}},"post_mailing_queue_ids":[],"_links":{"self":[{"href":"https:\/\/colegioenriquesoler.com\/comedor\/wp-json\/wp\/v2\/product\/427"}],"collection":[{"href":"https:\/\/colegioenriquesoler.com\/comedor\/wp-json\/wp\/v2\/product"}],"about":[{"href":"https:\/\/colegioenriquesoler.com\/comedor\/wp-json\/wp\/v2\/types\/product"}],"replies":[{"embeddable":true,"href":"https:\/\/colegioenriquesoler.com\/comedor\/wp-json\/wp\/v2\/comments?post=427"}],"wp:featuredmedia":[{"embeddable":true,"href":"https:\/\/colegioenriquesoler.com\/comedor\/wp-json\/wp\/v2\/media\/424"}],"wp:attachment":[{"href":"https:\/\/colegioenriquesoler.com\/comedor\/wp-json\/wp\/v2\/media?parent=427"}],"wp:term":[{"taxonomy":"product_brand","embeddable":true,"href":"https:\/\/colegioenriquesoler.com\/comedor\/wp-json\/wp\/v2\/product_brand?post=427"},{"taxonomy":"product_cat","embeddable":true,"href":"https:\/\/colegioenriquesoler.com\/comedor\/wp-json\/wp\/v2\/product_cat?post=427"},{"taxonomy":"product_tag","embeddable":true,"href":"https:\/\/colegioenriquesoler.com\/comedor\/wp-json\/wp\/v2\/product_tag?post=427"}],"curies":[{"name":"wp","href":"https:\/\/api.w.org\/{rel}","templated":true}]}}