{"id":428,"date":"2020-02-08T19:47:44","date_gmt":"2020-02-08T19:47:44","guid":{"rendered":"https:\/\/colegioenriquesoler.com\/comedor\/?post_type=product&#038;p=428"},"modified":"2025-09-10T13:39:50","modified_gmt":"2025-09-10T11:39:50","slug":"eso-y-bach","status":"publish","type":"product","link":"https:\/\/colegioenriquesoler.com\/comedor\/producto\/eso-y-bach\/","title":{"rendered":"TICKET COMEDOR ESO y BACHILLERATO"},"content":{"rendered":"<p>Ticket comedor para uso diario de alumnos matriculados en ESO y BACHILLERATO. Para que sea v\u00e1lido deber\u00e1 comprarse antes de la 10.00 am del d\u00eda en el que se quiera hacer uso del mismo. Este ticket NO lleva asociado transporte<\/p>\n<p>&nbsp;<\/p>\n","protected":false},"excerpt":{"rendered":"<p>Ticket comedor para uso diario de alumnos matriculados en ESO y BACHILLERATO. Para que sea v\u00e1lido deber\u00e1 comprarse antes de la 10.00 am del d\u00eda en el que se quiera hacer uso del mismo. Este ticket NO lleva asociado transporte &nbsp;<\/p>\n","protected":false},"featured_media":426,"comment_status":"closed","ping_status":"closed","template":"","meta":{"_et_pb_use_builder":"off","_et_pb_old_content":"","_et_gb_content_width":""},"product_brand":[],"product_cat":[24],"product_tag":[],"class_list":{"0":"post-428","1":"product","2":"type-product","3":"status-publish","4":"has-post-thumbnail","6":"product_cat-ticket-comedor","7":"wcpa_has_options","9":"first","10":"instock","11":"virtual","12":"sold-individually","13":"purchasable","14":"product-type-simple"},"jetpack_sharing_enabled":true,"wcpa_form_fields":{"wcpaData":{"product":{"product_price":10,"price_html":"<span class=\"woocommerce-Price-amount amount\"><bdi>10,00<span class=\"woocommerce-Price-currencySymbol\">&euro;<\/span><\/bdi><\/span>","original_product_price":10,"price_including_tax":10,"price_excluding_tax":10,"product_id":{"parent":428,"variation":false},"is_variable":false,"stock_status":"instock","stock_quantity":null,"parent_sku":"","product_attributes":[],"custom_fields":[],"is_taxable":false,"product_name":"TICKET COMEDOR ESO y BACHILLERATO","hasImage":false},"fields":{"sec_1670cef2ab3fca":{"extra":{"key":"sec_1670cef2ab3fca","section_id":"sec_1670cef2ab3fca","name":"Default","status":1,"cl_rule":"show","enableCl":false,"relations":[],"toggle":true,"title_tag":"h3","show_title":false,"showPrice":"default","form_id":466,"form_rules":{"exclude_from_discount":false,"fee_label":"Fee","disp_hide_options_price":false,"disp_show_section_price":false,"disp_show_field_price":true,"layout_option":"standard","pric_use_as_fee":false,"process_fee_as":"woo_fee"},"layout_option":"standard"},"fields":[[{"type":"text","required":true,"elementId":"wcpa-text-5e402bb2366c7","label":"APELLIDOS Y NOMBRE DEL ALUMNO\/A","className":"form-control","name":"text-5e402bb2366de","subtype":"text","active":true,"col":6,"tooltip":"","requiredError":"Campo Obligatorio","error":false,"gt_translate_keys":["label","tooltip","requiredError"],"price_dependency":false,"cl_dependency":false,"value":""}],[{"type":"select","required":true,"elementId":"wcpa-select-1581263888943","label":"INSTITUTO","className":"form-control","name":"select-1581263888943","values":[{"label":"IES J. ANTONIO FDEZ","value":"IES J. ANTONIO FDEZ","tempId":"aco_427","gt_translate_keys":["label"]},{"label":"IES E. NIETO","value":"IES E. NIETO","tempId":"aco_428","gt_translate_keys":["label"]},{"label":"IES L. QUEIPO","value":"IES L. QUEIPO","tempId":"aco_429","gt_translate_keys":["label"]},{"label":"IES VIRGEN VICTORIA","value":"IES VIRGEN VICTORIA","tempId":"aco_430","gt_translate_keys":["label"]}],"active":true,"col":6,"tooltip":"","error":false,"dropdown_type":"basic","placeholder":"ELIJA IES","requiredError":"Campo Obligatorio","gt_translate_keys":["label","placeholder","tooltip","requiredError"],"price_dependency":false,"cl_dependency":false,"value":""}],[{"type":"text","required":true,"elementId":"wcpa-text-1581263823718","label":"CURSO Y GRUPO","className":"form-control","name":"text-1581263823718","subtype":"text","active":true,"col":6,"tooltip":"","requiredError":"Campo Obligatorio","error":false,"gt_translate_keys":["label","tooltip","requiredError"],"price_dependency":false,"cl_dependency":false,"value":""}],[{"type":"date","required":true,"elementId":"wcpa-date-5e402bb236717","label":"FECHA ELEGIDA","placeholder":"ELIJA LA FECHA (DD\/MM\/AA)","className":"form-control","name":"date-5e402bb236727","active":true,"col":6,"tooltip":"","picker_mode":"single","min_date":{"type":"days","val":"0"},"error":false,"picker_type":"custom","date_pic_conf":{"disabledWeeks":[6,0],"disabledDates":["2025-05-01","2025-05-26","2025-09-17","2025-12-08","2025-12-19 to 2026-01-07","2026-05-01","2026-06-19 to 2026-09-30","2026-03-20 to 2026-04-05"]},"date_conf_custom":{"minDate":"let d = new Date();\nif (d.getHours() > 10) {\n  d.setDate(d.getDate() + 1);  \/\/ Incrementa la fecha en 1 d\u00eda si la hora es mayor a las 10:00 am\n}\nreturn d;"},"disable_manual_input":true,"isWeightTemplate":false,"isTemplate":false,"min_quantity":"1","quantity_decimal":false,"quantity_step":"1","quantity_label":"Quantity","repeater_field_label":"{field_label}","repeater_bind":"","enablePrice":false,"enable_quantity":false,"gt_translate_keys":["label","placeholder","tooltip","repeater_field_label","quantity_label"],"price_dependency":false,"cl_dependency":false,"value":""}]]}},"config":{"price_override":"","enable_recaptcha":false,"bind_quantity":false,"quantity_bind_formula":false,"disp_summ_show_option_price":true,"disp_summ_show_product_price":true,"disp_summ_show_total_price":true,"disp_summ_show_fee":false,"disp_summ_show_discount":false,"summary_title":"","options_total_label":"Options Price","total_label":"Total","options_product_label":"Product Price","fee_label":"Fee","discount_label":"Discount","has_price":true,"has_quantity_formula":false},"mc_unit":1,"tax_rate":1,"tax_rate_real":1,"discount":{"percentage":0,"fixed":0},"design":{"conf":{"LabelPosition":"above","DescPosition":"above","UploadField":"custom_1","QuantityFieldStyle":"default"},"css":{"LeftLabelWidth":"120px"}},"formulas":[],"lookuptables":[],"clones":false,"cartKey":false}},"post_mailing_queue_ids":[],"_links":{"self":[{"href":"https:\/\/colegioenriquesoler.com\/comedor\/wp-json\/wp\/v2\/product\/428"}],"collection":[{"href":"https:\/\/colegioenriquesoler.com\/comedor\/wp-json\/wp\/v2\/product"}],"about":[{"href":"https:\/\/colegioenriquesoler.com\/comedor\/wp-json\/wp\/v2\/types\/product"}],"replies":[{"embeddable":true,"href":"https:\/\/colegioenriquesoler.com\/comedor\/wp-json\/wp\/v2\/comments?post=428"}],"wp:featuredmedia":[{"embeddable":true,"href":"https:\/\/colegioenriquesoler.com\/comedor\/wp-json\/wp\/v2\/media\/426"}],"wp:attachment":[{"href":"https:\/\/colegioenriquesoler.com\/comedor\/wp-json\/wp\/v2\/media?parent=428"}],"wp:term":[{"taxonomy":"product_brand","embeddable":true,"href":"https:\/\/colegioenriquesoler.com\/comedor\/wp-json\/wp\/v2\/product_brand?post=428"},{"taxonomy":"product_cat","embeddable":true,"href":"https:\/\/colegioenriquesoler.com\/comedor\/wp-json\/wp\/v2\/product_cat?post=428"},{"taxonomy":"product_tag","embeddable":true,"href":"https:\/\/colegioenriquesoler.com\/comedor\/wp-json\/wp\/v2\/product_tag?post=428"}],"curies":[{"name":"wp","href":"https:\/\/api.w.org\/{rel}","templated":true}]}}